{"id":175,"date":"2015-05-15T12:01:48","date_gmt":"2015-05-15T10:01:48","guid":{"rendered":"http:\/\/thom-zappala.de\/press\/?page_id=175"},"modified":"2015-05-15T12:13:11","modified_gmt":"2015-05-15T10:13:11","slug":"insektenschutz-2","status":"publish","type":"page","link":"https:\/\/thom-zappala.de\/press\/insektenschutz-2\/","title":{"rendered":"Insektenschutz"},"content":{"rendered":"<li>Fenster mit Insektenschutz &#8211; ma\u00dfgeschneiderte Systeml\u00f6sungen.<\/li>\n<li>T\u00fcr-Insektenschutz &#8211; passgenau und vielseitig.<\/li>\n<li>Insektenschutz Lichtschachtabdeckung sch\u00fctzt vor Laub.<\/li>\n<li>Insektenschutz f\u00fcr Dachfenster &#8211; die flexible L\u00f6sung.<\/li>\n<li>Spezielle Gewebearten f\u00fcr Pollenschutz, Elektrosmog-Schutz und mehr Transparenz.<\/li>\n<p>&nbsp;<\/p>\n<p><a title=\"Insektenschutz\" href=\"https:\/\/www.pax.de\/pax-neher-insektenschutz\" target=\"_blank\"><img loading=\"lazy\" class=\"alignleft size-full wp-image-176\" src=\"http:\/\/thom-zappala.de\/press\/wp-content\/uploads\/2015\/05\/insektenschutz.jpg\" alt=\"insektenschutz\" width=\"450\" height=\"228\" srcset=\"https:\/\/thom-zappala.de\/press\/wp-content\/uploads\/2015\/05\/insektenschutz.jpg 450w, https:\/\/thom-zappala.de\/press\/wp-content\/uploads\/2015\/05\/insektenschutz-300x152.jpg 300w\" sizes=\"(max-width: 450px) 100vw, 450px\" \/><\/a><\/p>\n","protected":false},"excerpt":{"rendered":"<p>Fenster mit Insektenschutz &#8211; ma\u00dfgeschneiderte Systeml\u00f6sungen. T\u00fcr-Insektenschutz &#8211; passgenau und vielseitig. Insektenschutz Lichtschachtabdeckung sch\u00fctzt vor Laub. Insektenschutz f\u00fcr Dachfenster &#8211; die flexible L\u00f6sung. Spezielle Gewebearten f\u00fcr Pollenschutz, Elektrosmog-Schutz und mehr Transparenz. &nbsp;<\/p>\n","protected":false},"author":1,"featured_media":0,"parent":0,"menu_order":0,"comment_status":"closed","ping_status":"open","template":"","meta":[],"_links":{"self":[{"href":"https:\/\/thom-zappala.de\/press\/wp-json\/wp\/v2\/pages\/175"}],"collection":[{"href":"https:\/\/thom-zappala.de\/press\/wp-json\/wp\/v2\/pages"}],"about":[{"href":"https:\/\/thom-zappala.de\/press\/wp-json\/wp\/v2\/types\/page"}],"author":[{"embeddable":true,"href":"https:\/\/thom-zappala.de\/press\/wp-json\/wp\/v2\/users\/1"}],"replies":[{"embeddable":true,"href":"https:\/\/thom-zappala.de\/press\/wp-json\/wp\/v2\/comments?post=175"}],"version-history":[{"count":6,"href":"https:\/\/thom-zappala.de\/press\/wp-json\/wp\/v2\/pages\/175\/revisions"}],"predecessor-version":[{"id":185,"href":"https:\/\/thom-zappala.de\/press\/wp-json\/wp\/v2\/pages\/175\/revisions\/185"}],"wp:attachment":[{"href":"https:\/\/thom-zappala.de\/press\/wp-json\/wp\/v2\/media?parent=175"}],"curies":[{"name":"wp","href":"https:\/\/api.w.org\/{rel}","templated":true}]}}