{"id":187,"date":"2015-05-18T07:54:05","date_gmt":"2015-05-18T05:54:05","guid":{"rendered":"http:\/\/thom-zappala.de\/press\/?page_id=187"},"modified":"2015-05-18T08:37:54","modified_gmt":"2015-05-18T06:37:54","slug":"tuer-fenster","status":"publish","type":"page","link":"https:\/\/thom-zappala.de\/press\/tuer-fenster\/","title":{"rendered":"Fenster &#038; T\u00fcr"},"content":{"rendered":"<p>PaX Haust\u00fcrkonfigurator<\/p>\n<p><a title=\"PaX Haust\u00fcrkonfigurator\" href=\"https:\/\/www.pax.de\/pax-haustuerenkonfigurator\" target=\"_blank\"><img loading=\"lazy\" class=\"alignleft size-full wp-image-188\" src=\"http:\/\/thom-zappala.de\/press\/wp-content\/uploads\/2015\/05\/door_config.jpg\" alt=\"door_config\" width=\"450\" height=\"198\" srcset=\"https:\/\/thom-zappala.de\/press\/wp-content\/uploads\/2015\/05\/door_config.jpg 450w, https:\/\/thom-zappala.de\/press\/wp-content\/uploads\/2015\/05\/door_config-300x132.jpg 300w\" sizes=\"(max-width: 450px) 100vw, 450px\" \/><\/a><\/p>\n<p>&nbsp;<\/p>\n<p>Holz-Aluminium-Fenster<\/p>\n<p><a title=\"Holz-Aluminium-Fenster\" href=\"https:\/\/www.pax.de\/holz-aluminium-fenster\" target=\"_blank\"><img loading=\"lazy\" class=\"alignleft size-full wp-image-192\" src=\"http:\/\/thom-zappala.de\/press\/wp-content\/uploads\/2015\/05\/holz-alu-fenster.jpg\" alt=\"holz-alu-fenster\" width=\"342\" height=\"345\" srcset=\"https:\/\/thom-zappala.de\/press\/wp-content\/uploads\/2015\/05\/holz-alu-fenster.jpg 342w, https:\/\/thom-zappala.de\/press\/wp-content\/uploads\/2015\/05\/holz-alu-fenster-150x150.jpg 150w, https:\/\/thom-zappala.de\/press\/wp-content\/uploads\/2015\/05\/holz-alu-fenster-297x300.jpg 297w\" sizes=\"(max-width: 342px) 100vw, 342px\" \/><\/a><\/p>\n<p>&nbsp;<\/p>\n<p>&nbsp;<\/p>\n<p>&nbsp;<\/p>\n<p>&nbsp;<\/p>\n<p>&nbsp;<\/p>\n<p>&nbsp;<\/p>\n<p>&nbsp;<\/p>\n<p>&nbsp;<\/p>\n<p>Holzfenster<\/p>\n<p><a title=\"Holzfenster\" href=\"https:\/\/www.pax.de\/holzfenster\" target=\"_blank\"><img loading=\"lazy\" class=\"alignleft size-full wp-image-196\" src=\"http:\/\/thom-zappala.de\/press\/wp-content\/uploads\/2015\/05\/holzfenster.jpg\" alt=\"holzfenster\" width=\"334\" height=\"486\" srcset=\"https:\/\/thom-zappala.de\/press\/wp-content\/uploads\/2015\/05\/holzfenster.jpg 334w, https:\/\/thom-zappala.de\/press\/wp-content\/uploads\/2015\/05\/holzfenster-206x300.jpg 206w\" sizes=\"(max-width: 334px) 100vw, 334px\" \/><\/a><\/p>\n<p>&nbsp;<\/p>\n<p>&nbsp;<\/p>\n<p>&nbsp;<\/p>\n<p>&nbsp;<\/p>\n<p>&nbsp;<\/p>\n<p>&nbsp;<\/p>\n<p>&nbsp;<\/p>\n<p>&nbsp;<\/p>\n<p>&nbsp;<\/p>\n<p>&nbsp;<\/p>\n<p>&nbsp;<\/p>\n<p>Kunststofffenster<\/p>\n<p><a title=\"Kunststofffenster\" href=\"https:\/\/www.pax.de\/pax-kunststoff-fenster\" target=\"_blank\"><img loading=\"lazy\" class=\"alignleft size-full wp-image-198\" src=\"http:\/\/thom-zappala.de\/press\/wp-content\/uploads\/2015\/05\/kunststofffenster.jpg\" alt=\"kunststofffenster\" width=\"338\" height=\"427\" srcset=\"https:\/\/thom-zappala.de\/press\/wp-content\/uploads\/2015\/05\/kunststofffenster.jpg 338w, https:\/\/thom-zappala.de\/press\/wp-content\/uploads\/2015\/05\/kunststofffenster-237x300.jpg 237w\" sizes=\"(max-width: 338px) 100vw, 338px\" \/><\/a><\/p>\n<p>&nbsp;<\/p>\n<p>&nbsp;<\/p>\n<p>&nbsp;<\/p>\n<p>&nbsp;<\/p>\n<p>&nbsp;<\/p>\n<p>&nbsp;<\/p>\n<p>&nbsp;<\/p>\n<p>&nbsp;<\/p>\n<p>&nbsp;<\/p>\n<p>&nbsp;<\/p>\n<p>Einbruchschutz<\/p>\n<p><a title=\"Einbruchschutz\" href=\"https:\/\/www.pax.de\/initiative-k-einbruch\" target=\"_blank\"><img loading=\"lazy\" class=\"alignleft size-full wp-image-200\" src=\"http:\/\/thom-zappala.de\/press\/wp-content\/uploads\/2015\/05\/einbruchschutz_1.jpg\" alt=\"einbruchschutz_1\" width=\"450\" height=\"197\" srcset=\"https:\/\/thom-zappala.de\/press\/wp-content\/uploads\/2015\/05\/einbruchschutz_1.jpg 450w, https:\/\/thom-zappala.de\/press\/wp-content\/uploads\/2015\/05\/einbruchschutz_1-300x131.jpg 300w\" sizes=\"(max-width: 450px) 100vw, 450px\" \/><\/a><\/p>\n<p>&nbsp;<\/p>\n<p>PaXsecura Einbruchhemmung<\/p>\n<p><a title=\"Einbruchhemmung\" href=\"https:\/\/www.pax.de\/paxsecura-einbruchschutz\" target=\"_blank\"><img loading=\"lazy\" class=\"alignleft size-full wp-image-202\" src=\"http:\/\/thom-zappala.de\/press\/wp-content\/uploads\/2015\/05\/einbruchhemmung.jpg\" alt=\"einbruchhemmung\" width=\"450\" height=\"177\" srcset=\"https:\/\/thom-zappala.de\/press\/wp-content\/uploads\/2015\/05\/einbruchhemmung.jpg 450w, https:\/\/thom-zappala.de\/press\/wp-content\/uploads\/2015\/05\/einbruchhemmung-300x118.jpg 300w\" sizes=\"(max-width: 450px) 100vw, 450px\" \/><\/a><\/p>\n<p>&nbsp;<\/p>\n<p>Historisierende Fenster<\/p>\n<p><a title=\"Historisierende Fenster\" href=\"https:\/\/www.pax.de\/pax-historisierende-fenster\" target=\"_blank\"><img loading=\"lazy\" class=\"alignleft size-full wp-image-204\" src=\"http:\/\/thom-zappala.de\/press\/wp-content\/uploads\/2015\/05\/historisierend.jpg\" alt=\"historisierend\" width=\"450\" height=\"303\" srcset=\"https:\/\/thom-zappala.de\/press\/wp-content\/uploads\/2015\/05\/historisierend.jpg 450w, https:\/\/thom-zappala.de\/press\/wp-content\/uploads\/2015\/05\/historisierend-300x202.jpg 300w\" sizes=\"(max-width: 450px) 100vw, 450px\" \/><\/a><\/p>\n<p>&nbsp;<\/p>\n<p>PaXpur &#8211; \u00dcberzeugende Details f\u00fcr mehr Authentizit\u00e4t<\/p>\n<div id=\"content-header\">\n<p><a title=\"paxpur\" href=\"https:\/\/www.pax.de\/pax-paxpur\" target=\"_blank\"><img loading=\"lazy\" class=\"alignleft size-full wp-image-205\" src=\"http:\/\/thom-zappala.de\/press\/wp-content\/uploads\/2015\/05\/paxpur.jpg\" alt=\"paxpur\" width=\"450\" height=\"210\" srcset=\"https:\/\/thom-zappala.de\/press\/wp-content\/uploads\/2015\/05\/paxpur.jpg 450w, https:\/\/thom-zappala.de\/press\/wp-content\/uploads\/2015\/05\/paxpur-300x140.jpg 300w\" sizes=\"(max-width: 450px) 100vw, 450px\" \/><\/a><\/p>\n<\/div>\n<p>&nbsp;<\/p>\n<div id=\"content-header\">\n<p>PaXrestora &#8211; Denkmalgerecht ohne Kompromisse<\/p>\n<\/div>\n<p><a title=\"paxrestora\" href=\"https:\/\/www.pax.de\/pax-paxrestora\" target=\"_blank\"><img loading=\"lazy\" class=\"alignleft size-full wp-image-207\" src=\"http:\/\/thom-zappala.de\/press\/wp-content\/uploads\/2015\/05\/restora_1.jpg\" alt=\"restora_1\" width=\"450\" height=\"212\" srcset=\"https:\/\/thom-zappala.de\/press\/wp-content\/uploads\/2015\/05\/restora_1.jpg 450w, https:\/\/thom-zappala.de\/press\/wp-content\/uploads\/2015\/05\/restora_1-300x141.jpg 300w\" sizes=\"(max-width: 450px) 100vw, 450px\" \/><\/a><\/p>\n<p>&nbsp;<\/p>\n<div id=\"content-header\">\n<p>PaXretro78 &#8211; Die Kombination aus Vergangenheit und Zukunft<\/p>\n<p><a title=\"PaX Retro 78\" href=\"https:\/\/www.pax.de\/pax-paxretro78\" target=\"_blank\"><img loading=\"lazy\" class=\"alignleft size-full wp-image-209\" src=\"http:\/\/thom-zappala.de\/press\/wp-content\/uploads\/2015\/05\/retro78.jpg\" alt=\"retro78\" width=\"678\" height=\"235\" srcset=\"https:\/\/thom-zappala.de\/press\/wp-content\/uploads\/2015\/05\/retro78.jpg 678w, https:\/\/thom-zappala.de\/press\/wp-content\/uploads\/2015\/05\/retro78-300x104.jpg 300w\" sizes=\"(max-width: 678px) 100vw, 678px\" \/><\/a><\/p>\n<p>&nbsp;<\/p>\n<p>&nbsp;<\/p>\n<p>&nbsp;<\/p>\n<p>&nbsp;<\/p>\n<\/div>\n","protected":false},"excerpt":{"rendered":"<p>PaX Haust\u00fcrkonfigurator &nbsp; Holz-Aluminium-Fenster &nbsp; &nbsp; &nbsp; &nbsp; &nbsp; &nbsp; &nbsp; &nbsp; Holzfenster &nbsp; &nbsp; &nbsp; &nbsp; &nbsp; &nbsp; &nbsp; &nbsp; &nbsp; &nbsp; &nbsp; Kunststofffenster &nbsp; &nbsp; &nbsp; &nbsp; &nbsp; &nbsp; &nbsp; &nbsp; &nbsp; &nbsp; Einbruchschutz &nbsp; PaXsecura Einbruchhemmung &nbsp; Historisierende Fenster &nbsp; PaXpur &#8211; \u00dcberzeugende Details f\u00fcr mehr Authentizit\u00e4t &nbsp; PaXrestora &#8211; Denkmalgerecht ohne &hellip; <a href=\"https:\/\/thom-zappala.de\/press\/tuer-fenster\/\" class=\"more-link\"><span class=\"screen-reader-text\">Fenster &#038; T\u00fcr<\/span> weiterlesen <span class=\"meta-nav\">&rarr;<\/span><\/a><\/p>\n","protected":false},"author":1,"featured_media":0,"parent":0,"menu_order":0,"comment_status":"closed","ping_status":"open","template":"","meta":[],"_links":{"self":[{"href":"https:\/\/thom-zappala.de\/press\/wp-json\/wp\/v2\/pages\/187"}],"collection":[{"href":"https:\/\/thom-zappala.de\/press\/wp-json\/wp\/v2\/pages"}],"about":[{"href":"https:\/\/thom-zappala.de\/press\/wp-json\/wp\/v2\/types\/page"}],"author":[{"embeddable":true,"href":"https:\/\/thom-zappala.de\/press\/wp-json\/wp\/v2\/users\/1"}],"replies":[{"embeddable":true,"href":"https:\/\/thom-zappala.de\/press\/wp-json\/wp\/v2\/comments?post=187"}],"version-history":[{"count":15,"href":"https:\/\/thom-zappala.de\/press\/wp-json\/wp\/v2\/pages\/187\/revisions"}],"predecessor-version":[{"id":213,"href":"https:\/\/thom-zappala.de\/press\/wp-json\/wp\/v2\/pages\/187\/revisions\/213"}],"wp:attachment":[{"href":"https:\/\/thom-zappala.de\/press\/wp-json\/wp\/v2\/media?parent=187"}],"curies":[{"name":"wp","href":"https:\/\/api.w.org\/{rel}","templated":true}]}}