{"id":228,"date":"2016-10-06T13:15:48","date_gmt":"2016-10-06T11:15:48","guid":{"rendered":"http:\/\/thom-zappala.de\/press\/?page_id=228"},"modified":"2016-10-06T15:24:12","modified_gmt":"2016-10-06T13:24:12","slug":"rollladen","status":"publish","type":"page","link":"https:\/\/thom-zappala.de\/press\/rollladen\/","title":{"rendered":"Rollladen"},"content":{"rendered":"<p><strong>ROMA Rollladen \u2013 f\u00fcr Schutz, Komfort und Behaglichkeit.<\/strong><\/p>\n<p>Als kompetenter Fachpartner beziehen wir Rollladen von ROMA. ROMA Rollladen k\u00f6nnen mehr als das \u00fcbliche Rauf und Runter: Es sind intelligente, auf Wunsch sogar vollautomatisierte Systeme zum Schutz vor Sommerhitze, L\u00e4rm, unerw\u00fcnschten Einblicken, Einbruch und W\u00e4rmeverlust. Sie gestalten Fassaden und bieten wirkungsvollen Schutz vor Wetterkapriolen. ROMA Rollladen werden aus hochwertigem Aluminium hergestellt und k\u00f6nnen je nach Wunsch individuell gestaltet werden.<\/p>\n<p><strong>Vor oder auf das Fenster?<br \/>\n<\/strong>Wie Ihr Rollladen aussehen soll, entscheiden Sie! Denn es gibt runde, eckige und komplett versteckte Systeme. Vorbaurollladen aus Aluminium werden vor das Fenster montiert, sodass keine unangenehmen K\u00e4ltebr\u00fccken entstehen. Hingegen werden Aufsatzrollladen mit Styropor-D\u00e4mmschale oder Polyurethan-Hartschaum zusammen mit dem Fenster in die \u00d6ffnung eingebaut.<\/p>\n<p>Jedes System hat seine Vorteile.<\/p>\n<p><span style=\"text-decoration: underline;\">Vereinbaren Sie gleich einen Beratungstermin!<\/span><br \/>\n<a href=\"mailto:info@thom-zappala.de\">info@thom-zappala.de<\/a><\/p>\n<p>&nbsp;<\/p>\n<p>Raum &amp; Atmosph\u00e4re<\/p>\n<p><strong>Wenn H\u00e4user ihre Augen \u00f6ffnen und schlie\u00dfen.<a href=\"http:\/\/thom-zappala.de\/press\/wp-content\/uploads\/2016\/10\/14.jpg\"><img loading=\"lazy\" class=\"alignright size-medium wp-image-314\" src=\"http:\/\/thom-zappala.de\/press\/wp-content\/uploads\/2016\/10\/14-300x300.jpg\" alt=\"Somfy 5-Kanal Handsender 2016\" width=\"300\" height=\"300\" srcset=\"https:\/\/thom-zappala.de\/press\/wp-content\/uploads\/2016\/10\/14-300x300.jpg 300w, https:\/\/thom-zappala.de\/press\/wp-content\/uploads\/2016\/10\/14-150x150.jpg 150w, https:\/\/thom-zappala.de\/press\/wp-content\/uploads\/2016\/10\/14-1024x1024.jpg 1024w\" sizes=\"(max-width: 300px) 100vw, 300px\" \/><\/a>\u00a0 <\/strong><\/p>\n<p>Es ist ein ganz nat\u00fcrlicher Reflex, wenn wir unsere Augen vor zu viel Sonne schlie\u00dfen oder nachts, wenn wir Ruhe suchen. Mit einem ROMA Rollladen-System kann das auch Ihr Haus. Entscheiden Sie selbst, ob sich die Augen Ihres Hauses vollautomatisch je nach Sonnenstand \u00f6ffnen und schlie\u00dfen. Oder erlauben Sie der Sonne ganz spontan per Knopfdruck ein wenig hereinzublinzeln. Mit ROMA Rollladen regeln Sie die Wohnlichkeit Ihres Zuhauses bereits an der Fassade. Bei jedem Wetter und zu jeder Stunde.<\/p>\n<p><strong>Zwischen Hell und Dunkel gibt es viele Alternativen.<a href=\"http:\/\/thom-zappala.de\/press\/wp-content\/uploads\/2016\/10\/21.jpg\"><img loading=\"lazy\" class=\"alignright size-medium wp-image-315\" src=\"http:\/\/thom-zappala.de\/press\/wp-content\/uploads\/2016\/10\/21-300x240.jpg\" alt=\"2\" width=\"300\" height=\"240\" srcset=\"https:\/\/thom-zappala.de\/press\/wp-content\/uploads\/2016\/10\/21-300x240.jpg 300w, https:\/\/thom-zappala.de\/press\/wp-content\/uploads\/2016\/10\/21-1260x1008.jpg 1260w\" sizes=\"(max-width: 300px) 100vw, 300px\" \/><\/a>  <\/strong><\/p>\n<p>Vergessen Sie einmal kurz Ihre Erinnerungen an die Rollladen von fr\u00fcher. Mit den rasselnden Unget\u00fcmen haben moderne Rollladensysteme bis auf die Grundfunktion wenig gemein. Und so gibt es auch kaum mehr Beschr\u00e4nkungen f\u00fcr den Einsatz eines Rollladens. Selbst f\u00fcr schr\u00e4ge Fenster bietet Ihnen ROMA durchdachte Systeml\u00f6sungen an. F\u00fcr alle, die den un\u00fcbertroffenen Sonnenschutz eines Rollladens mit h\u00f6chster Licht- und Luftzufuhr kombinieren wollen, hat ROMA eine neue Generation von Aussteller-Rollladen entwickelt. Diese bieten komfortable L\u00fcftungsm\u00f6glichkeiten ohne Einbu\u00dfen beim Sonnenschutz. Durch integrierte Motoren sind sie auch bei geschlossenem Fenster in alle Richtungen bedienbar.<\/p>\n<p>Sicherheit &amp; Schutz<\/p>\n<p><strong>Ein Bodyguard vor jedem Fenster.<a href=\"http:\/\/thom-zappala.de\/press\/wp-content\/uploads\/2016\/10\/31.jpg\"><img loading=\"lazy\" class=\"alignright size-medium wp-image-317\" src=\"http:\/\/thom-zappala.de\/press\/wp-content\/uploads\/2016\/10\/31-300x243.jpg\" alt=\"3\" width=\"300\" height=\"243\" srcset=\"https:\/\/thom-zappala.de\/press\/wp-content\/uploads\/2016\/10\/31-300x243.jpg 300w, https:\/\/thom-zappala.de\/press\/wp-content\/uploads\/2016\/10\/31.jpg 859w\" sizes=\"(max-width: 300px) 100vw, 300px\" \/><\/a><\/strong><\/p>\n<p>Einbruchschutz<\/p>\n<p>Gelegenheit macht Diebe. Ein geschlossener Rollladen bietet bereits einen wirksamen Schutz gegen unerw\u00fcnschte Eindringlinge. Das optionale ROMA Sicherheitspaket mit verst\u00e4rkten Endleisten, verdeckt geschraubten F\u00fchrungsschienen und Hochschiebesicherung l\u00e4sst Sie noch beruhigter schlafen. In Kombination mit einem N\u00e4herungssensor, der bei Anwesenheit von Personen vor dem Fenster den Rollladen kurz bewegt, wird der Rollladen zum wichtigen Bestandteil des Sicherheitskonzepts Ihres Hauses.<\/p>\n<p><strong>Hausverbot f\u00fcr l\u00e4stige Plagegeister.<a href=\"http:\/\/thom-zappala.de\/press\/wp-content\/uploads\/2016\/10\/41.jpg\"><img loading=\"lazy\" class=\"alignright size-medium wp-image-318\" src=\"http:\/\/thom-zappala.de\/press\/wp-content\/uploads\/2016\/10\/41-300x300.jpg\" alt=\"4\" width=\"300\" height=\"300\" srcset=\"https:\/\/thom-zappala.de\/press\/wp-content\/uploads\/2016\/10\/41-300x300.jpg 300w, https:\/\/thom-zappala.de\/press\/wp-content\/uploads\/2016\/10\/41-150x150.jpg 150w, https:\/\/thom-zappala.de\/press\/wp-content\/uploads\/2016\/10\/41-1024x1024.jpg 1024w, https:\/\/thom-zappala.de\/press\/wp-content\/uploads\/2016\/10\/41.jpg 1600w\" sizes=\"(max-width: 300px) 100vw, 300px\" \/><\/a><\/strong><\/p>\n<p>Insektenschutz<\/p>\n<p>ROMA Rollladen sind kombinierte Allesk\u00f6nner. Mit dem optional vollintegrierten Insektenschutz-Rollo sperren Sie mit einem Handgriff l\u00e4stige Insekten aus. Wenn Sie es tags\u00fcber oder in der kalten Jahreszeit nicht mehr brauchen, verschwindet das rei\u00dffeste und hochtransparente Transpatec-Gewebe zur G\u00e4nze im Rollladenkasten. Viele ROMA Rollladen k\u00f6nnen mit Insektenschutz ausgestattet werden \u2013 sogar nachtr\u00e4glich.<\/p>\n<p><strong>Noch mehr Schutz f\u00fcr Sie und Ihr Haus.<a href=\"http:\/\/thom-zappala.de\/press\/wp-content\/uploads\/2016\/10\/53.jpg\"><img loading=\"lazy\" class=\"alignright size-medium wp-image-319\" src=\"http:\/\/thom-zappala.de\/press\/wp-content\/uploads\/2016\/10\/53-300x300.jpg\" alt=\"5\" width=\"300\" height=\"300\" srcset=\"https:\/\/thom-zappala.de\/press\/wp-content\/uploads\/2016\/10\/53-300x300.jpg 300w, https:\/\/thom-zappala.de\/press\/wp-content\/uploads\/2016\/10\/53-150x150.jpg 150w, https:\/\/thom-zappala.de\/press\/wp-content\/uploads\/2016\/10\/53-1024x1024.jpg 1024w, https:\/\/thom-zappala.de\/press\/wp-content\/uploads\/2016\/10\/53.jpg 1600w\" sizes=\"(max-width: 300px) 100vw, 300px\" \/><\/a><\/strong><\/p>\n<p>Sonnenschutz<\/p>\n<p>ROMA Rollladen sch\u00fctzen Bewohner, Einrichtungsgegenst\u00e4nde und Zimmerpflanzen vor zu viel Sonne und UV-Strahlung. Der Rollladen verhindert das \u00fcberm\u00e4\u00dfige Aufheizen von R\u00e4umen durch Sonneneinstrahlung. Deshalb ist ein guter Sonnenschutz vor dem Fenster auch die energiesparendste Klimaanlage f\u00fcr Ihr Haus.<\/p>\n<p>L\u00e4rmschutz<a href=\"http:\/\/thom-zappala.de\/press\/wp-content\/uploads\/2016\/10\/62.jpg\"><img loading=\"lazy\" class=\"alignright size-medium wp-image-320\" src=\"http:\/\/thom-zappala.de\/press\/wp-content\/uploads\/2016\/10\/62-300x300.jpg\" alt=\"6\" width=\"300\" height=\"300\" srcset=\"https:\/\/thom-zappala.de\/press\/wp-content\/uploads\/2016\/10\/62-300x300.jpg 300w, https:\/\/thom-zappala.de\/press\/wp-content\/uploads\/2016\/10\/62-150x150.jpg 150w, https:\/\/thom-zappala.de\/press\/wp-content\/uploads\/2016\/10\/62-1024x1024.jpg 1024w, https:\/\/thom-zappala.de\/press\/wp-content\/uploads\/2016\/10\/62.jpg 1600w\" sizes=\"(max-width: 300px) 100vw, 300px\" \/><\/a><\/p>\n<p>Rollladen bieten einen nicht zu untersch\u00e4tzenden zus\u00e4tzlichen Schutz gegen L\u00e4rm von au\u00dfen. Die hochwertig und umweltfreundlich ausgesch\u00e4umten Profile sorgen mit besten Schallschutzeigenschaften f\u00fcr besonders ruhigen Schlaf.<\/p>\n<p>Blendschutz<\/p>\n<p>In ROMA Vorbaurollladen lassen sich zus\u00e4tzlich Textilscreens als Blendschutz integrieren. Sie verhindern Blendung, spenden Schatten und erlauben trotzdem den freien Blick nach drau\u00dfen. Gerade in tags\u00fcber h\u00e4ufig genutzten Wohnbereichen bringt das zus\u00e4tzlichen Komfort, auf den Sie bald nicht mehr verzichten wollen.<\/p>\n<p>Wetterschutz<a href=\"http:\/\/thom-zappala.de\/press\/wp-content\/uploads\/2016\/10\/72.jpg\"><img loading=\"lazy\" class=\"alignright size-medium wp-image-321\" src=\"http:\/\/thom-zappala.de\/press\/wp-content\/uploads\/2016\/10\/72-300x300.jpg\" alt=\"7\" width=\"300\" height=\"300\" srcset=\"https:\/\/thom-zappala.de\/press\/wp-content\/uploads\/2016\/10\/72-300x300.jpg 300w, https:\/\/thom-zappala.de\/press\/wp-content\/uploads\/2016\/10\/72-150x150.jpg 150w, https:\/\/thom-zappala.de\/press\/wp-content\/uploads\/2016\/10\/72-1024x1024.jpg 1024w, https:\/\/thom-zappala.de\/press\/wp-content\/uploads\/2016\/10\/72.jpg 1600w\" sizes=\"(max-width: 300px) 100vw, 300px\" \/><\/a><\/p>\n<p>Ein Haus wird meist f\u00fcr Generationen gebaut. Die Investition in hochwertige Rollladen dient neben dem Komfort auch dem Werterhalt der Immobilie. Besonders die sensible Schnittstelle zwischen Innen und Au\u00dfen \u2013 das Fenster \u2013 wird von Rollladen wirkungsvoll vor Verwitterung gesch\u00fctzt.<\/p>\n<p>Automatischer Feuerschutz<\/p>\n<p>Die Alarmerkennung SIDEO macht die Fluchtwege im Brandfall frei. Die Innovation von ROMA l\u00e4sst bei Ert\u00f6nen von Rauch- und Feuermeldern sofort die Rollladen hochfahren.<\/p>\n<p>\u00dcbrigens:<\/p>\n<p>Akkugepufferte Antriebe funktionieren sogar bei Stromausfall.<\/p>\n<p>Komfort &amp; Freiheit<\/p>\n<p><strong>Das moderne Haus denkt mit.<a href=\"http:\/\/thom-zappala.de\/press\/wp-content\/uploads\/2016\/10\/82.jpg\"><img loading=\"lazy\" class=\"alignright size-medium wp-image-322\" src=\"http:\/\/thom-zappala.de\/press\/wp-content\/uploads\/2016\/10\/82-300x300.jpg\" alt=\"8\" width=\"300\" height=\"300\" srcset=\"https:\/\/thom-zappala.de\/press\/wp-content\/uploads\/2016\/10\/82-300x300.jpg 300w, https:\/\/thom-zappala.de\/press\/wp-content\/uploads\/2016\/10\/82-150x150.jpg 150w, https:\/\/thom-zappala.de\/press\/wp-content\/uploads\/2016\/10\/82-1024x1024.jpg 1024w, https:\/\/thom-zappala.de\/press\/wp-content\/uploads\/2016\/10\/82.jpg 1600w\" sizes=\"(max-width: 300px) 100vw, 300px\" \/><\/a><\/strong><\/p>\n<p>ROMA macht Ihnen die Bedienung Ihrer Rollladen denkbar einfach.<\/p>\n<p>W\u00e4hlen Sie einfach aus, welches Bedienkonzept Ihren Anspr\u00fcchen am besten behagt. Mit den eleganten und intuitiv zu bedienenden Wandtastern bedienen Sie die Rollladen so einfach und komfortabel wie Ihre Beleuchtung. Ein sch\u00f6ner Nebeneffekt: Keine Rollladengurte st\u00f6ren das Auge.<\/p>\n<p>Die handliche ROMA Funksteuerung steuert Licht und Schatten bequem von jeder Stelle Ihres Hauses aus. Lassen Sie morgens vom Bett aus die Rollladen hochfahren. Oder fahren Sie abends von der Couch aus alle Rollladen herunter. Durch Einbindung einer Akkupufferung von ROMA l\u00e4sst sich Ihr Sonnenschutz auch bei unterbrochener Stromversorgung vor\u00fcbergehend \u00f6ffnen.<\/p>\n<p>Energie &amp; Umwelt<\/p>\n<p><strong>Mit Rollladen Heizkosten sparen.<\/strong><\/p>\n<p>Wirtschaftlich bauen bedeutet, den Energieverbrauch des Hauses m\u00f6glichst gering zu halten. Moderne Rollladen tragen dazu bei. Denn der Rollladen \u2013 genauer gesagt die Luftschicht zwischen Fenster und Rollladen \u2013 wirkt in der kalten Jahreszeit zus\u00e4tzlich w\u00e4rmed\u00e4mmend. Unabh\u00e4ngige Untersuchungen belegen, dass bereits ein geschlossener Rollladen den W\u00e4rmeverlust erheblich senken kann. Bei der Sanierung von H\u00e4usern lassen sich allein durch Fenster- und Rollladentausch bis zu 40 % Heizenergie einsparen. ROMA bietet mit dem Energiespar-Rollladen TERMO eine L\u00f6sung, mit der sich veraltete Rollladenk\u00e4sten schnell und einfach energetisch sanieren lassen. In Europa gibt es zur Zeit so viele F\u00f6rderprogramme f\u00fcrs Energiesparen wie noch nie. Internetadressen wie <a href=\"http:\/\/www.foerderdata.de\">www.foerderdata.de<\/a> informieren Sie individuell f\u00fcr Ihr Geb\u00e4ude.<\/p>\n<p>Material &amp; Gestaltung<\/p>\n<p><strong>Unsere Farben, Ihre Individualit\u00e4t.<\/strong><\/p>\n<p>Wohnen ist eine Frage des pers\u00f6nlichen Geschmacks. Ebenso die Farbgestaltung Ihres Zuhauses. Mit der ROMA Farbkollektion ist alles m\u00f6glich, was Sie sich w\u00fcnschen. Und sogar noch ein wenig mehr. Die Farbkollektion beinhaltet eine gro\u00dfe Auswahl an Farben f\u00fcr hochwertige, best\u00e4ndige Oberfl\u00e4chen: In der ROMA Farb-Harmonie w\u00e4hlen Sie zum Beispiel aus sieben Standardfarben, die mit den passenden Behangfarben eine harmonische Einheit bilden.<\/p>\n<p><strong>Von au\u00dfen ein Rollladen. Von innen High-Tech.<\/strong><\/p>\n<p>Ein Rollladen ist extremsten Witterungsbedingungen ausgesetzt. Sommerhitze oder Frost \u2013 Konstruktion und Material der Rollladen sind ausschlaggebend. Die ROMA ALUMINO Baureihe wurde speziell f\u00fcr einen langen, klaglosen Gebrauch entwickelt. Aluminium ist auf nat\u00fcrliche Weise korrosionsbest\u00e4ndig und zudem zu 100 % recycelbar. Der gesch\u00e4umte Kern verbessert zus\u00e4tzlich die Festigkeit der Profile. Alle unsere Aluminiumprofile sind doppelwandig und auf Langlebigkeit ausgelegt. Egal ob ALUMINO, ALUMINO protect oder Kunststoff \u2013 bei ROMA steht Qualit\u00e4t immer an erster Stelle. Je nach Rollladen- und Profiltyp k\u00f6nnen Sie aus \u00fcber 20 attraktiven Farben w\u00e4hlen und Ihren individuellen Behang gestalten.<\/p>\n<p><strong>Ein Behang, viele Varianten. ROMA Profilfarben.<\/strong><\/p>\n<p>Auch beim Behang k\u00f6nnen Sie aus einer Vielzahl an Farben und Kombinationsm\u00f6glichkeiten w\u00e4hlen: Je nach Profilart* bis zu 22 Standardfarben. Dabei sind alle Oberfl\u00e4chen der ROMA Rollladen witterungsbest\u00e4ndig, lichtecht und m\u00fcssen nicht nachbehandelt werden. Einfache Pflege und Reinigung gen\u00fcgen.<\/p>\n<p><strong>Der richtige Rollladen ist Detailarbeit.<\/strong><\/p>\n<p>ROMA hat f\u00fcr jedes Detail den richtigen Rollladen. So lassen sich Vorbau- wie auch Aufsatzrollladen ohne gro\u00dfen Aufwand mit Zusatzausstattungen wie Insektenschutzgitter ausr\u00fcsten \u2013 sogar nachtr\u00e4glich. Egal ob Neubau oder Sanierung mit bestehenden Sturzk\u00e4sten: Sie finden bei ROMA f\u00fcr jeden Wunsch eine optimale L\u00f6sung. Wir beraten Sie gerne im Detail.<\/p>\n","protected":false},"excerpt":{"rendered":"<p>ROMA Rollladen \u2013 f\u00fcr Schutz, Komfort und Behaglichkeit. Als kompetenter Fachpartner beziehen wir Rollladen von ROMA. ROMA Rollladen k\u00f6nnen mehr als das \u00fcbliche Rauf und Runter: Es sind intelligente, auf Wunsch sogar vollautomatisierte Systeme zum Schutz vor Sommerhitze, L\u00e4rm, unerw\u00fcnschten Einblicken, Einbruch und W\u00e4rmeverlust. Sie gestalten Fassaden und bieten wirkungsvollen Schutz vor Wetterkapriolen. ROMA Rollladen &hellip; <a href=\"https:\/\/thom-zappala.de\/press\/rollladen\/\" class=\"more-link\"><span class=\"screen-reader-text\">Rollladen<\/span> weiterlesen <span class=\"meta-nav\">&rarr;<\/span><\/a><\/p>\n","protected":false},"author":1,"featured_media":0,"parent":0,"menu_order":0,"comment_status":"closed","ping_status":"open","template":"","meta":[],"_links":{"self":[{"href":"https:\/\/thom-zappala.de\/press\/wp-json\/wp\/v2\/pages\/228"}],"collection":[{"href":"https:\/\/thom-zappala.de\/press\/wp-json\/wp\/v2\/pages"}],"about":[{"href":"https:\/\/thom-zappala.de\/press\/wp-json\/wp\/v2\/types\/page"}],"author":[{"embeddable":true,"href":"https:\/\/thom-zappala.de\/press\/wp-json\/wp\/v2\/users\/1"}],"replies":[{"embeddable":true,"href":"https:\/\/thom-zappala.de\/press\/wp-json\/wp\/v2\/comments?post=228"}],"version-history":[{"count":14,"href":"https:\/\/thom-zappala.de\/press\/wp-json\/wp\/v2\/pages\/228\/revisions"}],"predecessor-version":[{"id":323,"href":"https:\/\/thom-zappala.de\/press\/wp-json\/wp\/v2\/pages\/228\/revisions\/323"}],"wp:attachment":[{"href":"https:\/\/thom-zappala.de\/press\/wp-json\/wp\/v2\/media?parent=228"}],"curies":[{"name":"wp","href":"https:\/\/api.w.org\/{rel}","templated":true}]}}