{"id":236,"date":"2016-10-06T13:15:18","date_gmt":"2016-10-06T11:15:18","guid":{"rendered":"http:\/\/thom-zappala.de\/press\/?page_id=236"},"modified":"2016-10-06T14:59:48","modified_gmt":"2016-10-06T12:59:48","slug":"textilscreen","status":"publish","type":"page","link":"https:\/\/thom-zappala.de\/press\/textilscreen\/","title":{"rendered":"Textilscreen"},"content":{"rendered":"<p><strong>ROMA Textilscreens \u2013 das Spiel mit Sicht und Schatten.<\/strong><\/p>\n<p>ROMA Textilscreens sorgen bei Anbringung vor dem Fenster f\u00fcr eine optimale Klimatisierung Ihrer R\u00e4ume, ohne dabei die Au\u00dfenwelt blickdicht auszuschlie\u00dfen. Eine gro\u00dfe Auswahl an Farben bietet viele Gestaltungsm\u00f6glichkeiten. Die Verwendung eines runden, quadratischen oder verputzbaren Kastens lassen beispielsweise die Kombination von Fenstern mit Textilscreens oder Rollladen zu und unterstreichen somit die architektonische Gestaltung Ihres Hauses. Alle ROMA Textilscreens werden aus hochwertigen Materialien gefertigt, die durch die Montage auch starkem Wind problemlos standhalten.<\/p>\n<p>Wir beraten Sie gerne!<br \/>\n<span style=\"text-decoration: underline;\">Rufen Sie uns einfach an oder schreiben uns eine Mail.<\/span><br \/>\n<a href=\"mailto:info@thom-zappala.de\">info@thom-zappala.de<\/a><\/p>\n<p>&nbsp;<\/p>\n<p>Raum &amp; Atmosph\u00e4re<a href=\"http:\/\/thom-zappala.de\/press\/wp-content\/uploads\/2016\/10\/11.jpg\"><img loading=\"lazy\" class=\"alignright size-medium wp-image-272\" src=\"http:\/\/thom-zappala.de\/press\/wp-content\/uploads\/2016\/10\/11-300x300.jpg\" alt=\"11\" width=\"300\" height=\"300\" srcset=\"https:\/\/thom-zappala.de\/press\/wp-content\/uploads\/2016\/10\/11-300x300.jpg 300w, https:\/\/thom-zappala.de\/press\/wp-content\/uploads\/2016\/10\/11-150x150.jpg 150w, https:\/\/thom-zappala.de\/press\/wp-content\/uploads\/2016\/10\/11.jpg 718w\" sizes=\"(max-width: 300px) 100vw, 300px\" \/><\/a><\/p>\n<p><strong>Ein Sonnenaufgang, der alle Sinne weckt.<\/strong><\/p>\n<p>Es ist eines der sch\u00f6nsten Urlaubsgef\u00fchle: erste Sonnenstrahlen auf dem Kopfkissen, frische Morgenluft im Schlafzimmer. Dieses Gef\u00fchl ist jetzt auch im Alltag m\u00f6glich. Dank der lichtdurchl\u00e4ssigen Gewebe der Textilscreens von ROMA k\u00f6nnen Sie die Helligkeit bei vollem Sonnenschutz jederzeit ins Schlafzimmer lassen. F\u00fcr einen Sonnenaufgang, den Sie mit allen Sinnen genie\u00dfen.<\/p>\n<p><strong>Maximaler Sonnenschutz mit maximaler Farbaufl\u00f6sung.<\/strong><\/p>\n<p>Auch in unseren klimatisch gem\u00e4\u00dfigten Breitengraden kann die Sonne manchmal zu viel werden. Mit dem Sonnenschutz der Textilscreens von ROMA m\u00fcssen Sie deshalb aber nicht auf das nat\u00fcrliche Farbspiel der Jahreszeiten verzichten. Die eingesetzten Stoffe reflektieren je nach Farbe den Gro\u00dfteil der W\u00e4rmestrahlung schon vor dem Fenster \u2013 ohne Ihnen die Sicht nach drau\u00dfen zu nehmen. So k\u00f6nnen Sie die Raumtemperatur ideal regulieren und trotzdem vollen Ausblick auf einen bunten Sommertag genie\u00dfen.<\/p>\n<p><strong>Sommerlicht ganz ohne Hitzestrahlung.<a href=\"http:\/\/thom-zappala.de\/press\/wp-content\/uploads\/2016\/10\/22.jpg\"><img loading=\"lazy\" class=\"alignright size-medium wp-image-274\" src=\"http:\/\/thom-zappala.de\/press\/wp-content\/uploads\/2016\/10\/22-300x300.jpg\" alt=\"22\" width=\"300\" height=\"300\" srcset=\"https:\/\/thom-zappala.de\/press\/wp-content\/uploads\/2016\/10\/22-300x300.jpg 300w, https:\/\/thom-zappala.de\/press\/wp-content\/uploads\/2016\/10\/22-150x150.jpg 150w, https:\/\/thom-zappala.de\/press\/wp-content\/uploads\/2016\/10\/22.jpg 514w\" sizes=\"(max-width: 300px) 100vw, 300px\" \/><\/a><\/strong><\/p>\n<p>Zuviel des Guten ist nicht gesund &#8211; das gilt besonders f\u00fcrs Sommerlicht. Nicht umsonst wird in s\u00fcdlichen L\u00e4ndern ganz anders gebaut als bei uns. Zimmerpflanzen, B\u00fcchern und Bildern sieht man oft die Folgen \u00fcberm\u00e4\u00dfiger UV-Strahlung an. Mit ROMA Textilscreens kann Ihnen das nicht passieren. Sie filtern unabh\u00e4ngig vom Sonnenstand bis zu 98 % der UV-Strahlung und sch\u00fctzen mit ihren witterungsbest\u00e4ndigen und langlebigen Stoffen Lebens- und Wohnr\u00e4ume. Und das, ohne das Gute an der Sonnenstrahlung vor die T\u00fcr zu setzen: das nat\u00fcrliche Licht.<\/p>\n<p><strong>Genie\u00dfen Sie den Sommer. Gesch\u00fctzt vor Wind &amp; Sonne<\/strong><\/p>\n<p>Im Sommer drau\u00dfen auf der Terrasse sitzen und das gute Wetter genie\u00dfen \u2013 das ist pure Lebensqualit\u00e4t. Mit den Textilscreens von ROMA sind Sie jetzt auch hier vor zu starker Sonneneinstrahlung gesch\u00fctzt. Montiert an die Terrassenkonstruktion passen sich die dezenten Textilscreens optimal ein und bieten einen sch\u00f6nen Anblick. In k\u00fchleren Abendstunden sind Sie mit den Textilscreens von ROMA auch perfekt vor Windb\u00f6en und Zugluft gesch\u00fctzt. Das integrierte Sichtfenstertuch im Screen er\u00f6ffnet trotzdem den Blick in den Garten.<\/p>\n<p>Sicherheit &amp; Schutz<\/p>\n<p><strong>Vielfalt f\u00fcr viele gute Tr\u00e4ume.<a href=\"http:\/\/thom-zappala.de\/press\/wp-content\/uploads\/2016\/10\/Tuchmuster_Ausschnitt.jpg\"><img loading=\"lazy\" class=\"alignright size-medium wp-image-276\" src=\"http:\/\/thom-zappala.de\/press\/wp-content\/uploads\/2016\/10\/Tuchmuster_Ausschnitt-300x207.jpg\" alt=\"Tuchmuster,_Ausschnitt\" width=\"300\" height=\"207\" srcset=\"https:\/\/thom-zappala.de\/press\/wp-content\/uploads\/2016\/10\/Tuchmuster_Ausschnitt-300x207.jpg 300w, https:\/\/thom-zappala.de\/press\/wp-content\/uploads\/2016\/10\/Tuchmuster_Ausschnitt.jpg 489w\" sizes=\"(max-width: 300px) 100vw, 300px\" \/><\/a><\/strong><\/p>\n<p>Textilscreens von ROMA sind attraktive Bauelemente, die wesentlich mehr Funktionen \u00fcbernehmen als nur den Sonnenschutz. Kinder zum Beispiel ben\u00f6tigen zum Schlafen oft dunklere R\u00e4ume. Mit Textilscreens von ROMA k\u00f6nnen Sie ein Verdunklungsgewebe w\u00e4hlen, das die Helligkeit perfekt reduziert. Oder auch ein Gewebe mit Ihrem Lieblingsmotiv bedrucken.<\/p>\n<p><strong>Der einzige Butler, auf den das Sonnenlicht h\u00f6rt.<a href=\"http:\/\/thom-zappala.de\/press\/wp-content\/uploads\/2016\/10\/zipSCREEN.2_QUADRO_b-ndig_mit_der_Fassade_v1.jpg\"><img loading=\"lazy\" class=\"alignright size-medium wp-image-278\" src=\"http:\/\/thom-zappala.de\/press\/wp-content\/uploads\/2016\/10\/zipSCREEN.2_QUADRO_b-ndig_mit_der_Fassade_v1-300x300.jpg\" alt=\"zipSCREEN.2,_QUADRO,_b++ndig_mit_der_Fassade,_v1\" width=\"300\" height=\"300\" srcset=\"https:\/\/thom-zappala.de\/press\/wp-content\/uploads\/2016\/10\/zipSCREEN.2_QUADRO_b-ndig_mit_der_Fassade_v1-300x300.jpg 300w, https:\/\/thom-zappala.de\/press\/wp-content\/uploads\/2016\/10\/zipSCREEN.2_QUADRO_b-ndig_mit_der_Fassade_v1-150x150.jpg 150w, https:\/\/thom-zappala.de\/press\/wp-content\/uploads\/2016\/10\/zipSCREEN.2_QUADRO_b-ndig_mit_der_Fassade_v1-1024x1024.jpg 1024w, https:\/\/thom-zappala.de\/press\/wp-content\/uploads\/2016\/10\/zipSCREEN.2_QUADRO_b-ndig_mit_der_Fassade_v1.jpg 1250w\" sizes=\"(max-width: 300px) 100vw, 300px\" \/><\/a><\/strong><\/p>\n<p>Butler sind der Inbegriff bequemen Lebens. \u00c4hnliches gilt f\u00fcr die Textilscreens von ROMA. Bestimmen Sie mit einer Zeitschaltuhr, wann sich in Ihrer Abwesenheit die Textilscreens \u00f6ffnen oder schlie\u00dfen. Oder verlassen Sie sich auf ein Sonne-\/Windpaket, das je nach Sonneneinstrahlung und Windgeschwindigkeit den Behang steuert. Mit Textilscreens von ROMA sparen Sie sich den Butler. Und leben trotzdem bequem.<\/p>\n<p>Sonne-\/Windpaket<\/p>\n<p>Automatisierte Textilscreens bringen einen weiteren Vorteil: Ein Sonne-\/Windpaket sorgt automatisch f\u00fcr wohltuenden Schatten, indem es den Behang bei zu viel Einstrahlung herunterf\u00e4hrt und zum Schutz vor zu starkem Wind rechtzeitig wieder hochf\u00e4hrt.<\/p>\n<p>Komfort &amp; Freiheit<\/p>\n<p><strong>Die Fernbedienung f\u00fcr mehr Sinnlichkeit.<a href=\"http:\/\/thom-zappala.de\/press\/wp-content\/uploads\/2016\/10\/zipSCREEN.2_QUADRO_WDVS_v3.jpg\"><img loading=\"lazy\" class=\"alignright size-medium wp-image-279\" src=\"http:\/\/thom-zappala.de\/press\/wp-content\/uploads\/2016\/10\/zipSCREEN.2_QUADRO_WDVS_v3-300x300.jpg\" alt=\"zipSCREEN.2,_QUADRO,_WDVS,_v3\" width=\"300\" height=\"300\" srcset=\"https:\/\/thom-zappala.de\/press\/wp-content\/uploads\/2016\/10\/zipSCREEN.2_QUADRO_WDVS_v3-300x300.jpg 300w, https:\/\/thom-zappala.de\/press\/wp-content\/uploads\/2016\/10\/zipSCREEN.2_QUADRO_WDVS_v3-150x150.jpg 150w, https:\/\/thom-zappala.de\/press\/wp-content\/uploads\/2016\/10\/zipSCREEN.2_QUADRO_WDVS_v3-1024x1024.jpg 1024w, https:\/\/thom-zappala.de\/press\/wp-content\/uploads\/2016\/10\/zipSCREEN.2_QUADRO_WDVS_v3.jpg 1250w\" sizes=\"(max-width: 300px) 100vw, 300px\" \/><\/a><\/strong><\/p>\n<p>Gibt\u2019s etwas Bequemeres als Fernbedienungen? Auch die Textilscreens von ROMA reagieren auf<\/p>\n<p>Knopfdruck. Sie sind einfach zu programmieren und k\u00f6nnen einzelne Elemente, Gruppen oder<\/p>\n<p>zentral alle Textilscreens im Haus bewegen. Ganz ohne mechanische Bedienelemente. F\u00fcr mehr<\/p>\n<p>\u00c4sthetik beim Wohnen.<\/p>\n<p>Elegante und intuitiv zu bedienende Wandtaster machen die Bedienung der Textilscreens einfach und komfortabel. Die ROMA Funksteuerung liegt gut in der Hand und \u00fcbernimmt die Steuerung von Licht und Sicht.<\/p>\n<p>Um Fluchtwege freizuhalten ist es wichtig, dass selbst bei Stromausfall die Bedienbarkeit des Sonnenschutzes erhalten bleibt. Die drahtgebundene Akkupufferung ist die komfortable L\u00f6sung f\u00fcr alle ROMA Systeme und kann auch an eine Brandmeldezentrale angeschlossen werden.<\/p>\n<p>Energie &amp; Klima<\/p>\n<p><strong>Minus 70 % auf Ihre K\u00fchlkosten!<a href=\"http:\/\/thom-zappala.de\/press\/wp-content\/uploads\/2016\/10\/zipSCREEN.2_RONDO_hires.jpg\"><img loading=\"lazy\" class=\"alignright size-medium wp-image-280\" src=\"http:\/\/thom-zappala.de\/press\/wp-content\/uploads\/2016\/10\/zipSCREEN.2_RONDO_hires-235x300.jpg\" alt=\"zipSCREEN.2,_RONDO,_hires\" width=\"235\" height=\"300\" srcset=\"https:\/\/thom-zappala.de\/press\/wp-content\/uploads\/2016\/10\/zipSCREEN.2_RONDO_hires-235x300.jpg 235w, https:\/\/thom-zappala.de\/press\/wp-content\/uploads\/2016\/10\/zipSCREEN.2_RONDO_hires-801x1024.jpg 801w, https:\/\/thom-zappala.de\/press\/wp-content\/uploads\/2016\/10\/zipSCREEN.2_RONDO_hires.jpg 989w\" sizes=\"(max-width: 235px) 100vw, 235px\" \/><\/a><\/strong><\/p>\n<p>Es gibt eine g\u00fcnstige Alternative zur teuren K\u00fchlung Ihres Hauses mit Klimaanlagen: Textilscreens von ROMA. Sie k\u00f6nnen die Sonnenstrahlung bis zu 70 % reflektieren! Die Hitze bleibt vor dem Fenster und das unangenehme Aufheizen der R\u00e4ume wird verhindert. Investieren Sie die gesparten K\u00fchlkosten einfach woanders. Tipp: Sparen Sie auch im Winter Kosten! Denn die Textilscreens reduzieren im Gegenzug auch die W\u00e4rmeabgabe nach au\u00dfen. Sollten Sie also in der n\u00e4chsten Zeit planen, Fenster zu ersetzen und mit Textilscreens von ROMA auszustatten, dann k\u00f6nnen Sie im<\/p>\n<p>Rahmen der zahlreichen F\u00f6rderma\u00dfnahmen mit finanzieller Unterst\u00fctzung rechnen. Unter der Internetadresse <a href=\"http:\/\/www.foerderdata.de\">www.foerderdata.de<\/a> finden Sie neben den aktuellen F\u00f6rderprogrammen auch noch umfassende und unverbindliche Unterst\u00fctzung bei der Umsetzung eventuell geplanter Bau-, Modernisierungs- und Sanierungsarbeiten. Nutzen Sie die Chance \u2013 es lohnt sich.<\/p>\n<p>Material &amp; Gestaltung<\/p>\n<p><strong>Unsere Farben, Ihre Individualit\u00e4t.<a href=\"http:\/\/thom-zappala.de\/press\/wp-content\/uploads\/2016\/10\/zipSCREEN.2_Schachtsystem_v3.jpg\"><img loading=\"lazy\" class=\"alignright size-medium wp-image-281\" src=\"http:\/\/thom-zappala.de\/press\/wp-content\/uploads\/2016\/10\/zipSCREEN.2_Schachtsystem_v3-300x300.jpg\" alt=\"zipSCREEN.2,_Schachtsystem,_v3\" width=\"300\" height=\"300\" srcset=\"https:\/\/thom-zappala.de\/press\/wp-content\/uploads\/2016\/10\/zipSCREEN.2_Schachtsystem_v3-300x300.jpg 300w, https:\/\/thom-zappala.de\/press\/wp-content\/uploads\/2016\/10\/zipSCREEN.2_Schachtsystem_v3-150x150.jpg 150w, https:\/\/thom-zappala.de\/press\/wp-content\/uploads\/2016\/10\/zipSCREEN.2_Schachtsystem_v3-1024x1024.jpg 1024w, https:\/\/thom-zappala.de\/press\/wp-content\/uploads\/2016\/10\/zipSCREEN.2_Schachtsystem_v3.jpg 1250w\" sizes=\"(max-width: 300px) 100vw, 300px\" \/><\/a><\/strong><\/p>\n<p>Wohnen ist eine Frage des pers\u00f6nlichen Geschmacks. Ebenso die Farbgestaltung Ihres<\/p>\n<p>Zuhauses. Mit der ROMA Farbkollektion ist alles m\u00f6glich, was Sie sich w\u00fcnschen. Und sogar noch ein wenig mehr. Die Farbkollektion beinhaltet eine gro\u00dfe Auswahl an Farben f\u00fcr hochwertige, best\u00e4ndige Oberfl\u00e4chen: Bei der ROMA Farb-Harmonie w\u00e4hlen Sie zum Beispiel aus sieben Standardfarben, die farblich zu Rollladen und Raffstoren von ROMA passen.<\/p>\n<p><strong>Hightech-Textil.<\/strong><\/p>\n<p>Textilscreens von ROMA zeichnen sich durch eine PVC-Beschichtung mit Abperleffekt aus, die sehr pflegeleicht ist. Sie bieten eine gro\u00dfe Farbvielfalt, bestehen aus hochwertigen Materialien und sind witterungsbest\u00e4ndig. S\u00e4mtliche Gewebetypen sind nach ISO 9001 ff. qualit\u00e4tsgepr\u00fcft und hoch rei\u00dffest. Jeder Gewebetyp und auch jede Gewebefarbe hat ihre ganz spezifischen Eigenschaften z.B. hinsichtlich W\u00e4rmeschutz, Sichtschutz, Durchsicht nach drau\u00dfen und Blendschutz. Auch Absorption, Reflexion und Transmission der Licht- und W\u00e4rmeenergie variieren. Lassen Sie sich diesbez\u00fcglich von Ihrem ROMA Fachpartner oder Architekten beraten.<\/p>\n<p>Glasfasergewebe<\/p>\n<p>Gewebe aus PVC-ummantelten Glasfasergarnen, Webart Serge<\/p>\n<p>Polyestergewebe<\/p>\n<p>Gewebe aus hochfesten Polyestergarnen, vorgereckt und PVC-fixiert<\/p>\n<p>Spezialgewebe<\/p>\n<p>Gewebe mit Metall- oder Metalleffektoberfl\u00e4che sowie Verdunklungsgewebe<\/p>\n<p>Gewebe mit Sichtfenster<\/p>\n<p>Gewebe aus PVC-ummantelten Glasfasergarnen, Webart Serge mit PVC-Sichtfenster<\/p>\n","protected":false},"excerpt":{"rendered":"<p>ROMA Textilscreens \u2013 das Spiel mit Sicht und Schatten. ROMA Textilscreens sorgen bei Anbringung vor dem Fenster f\u00fcr eine optimale Klimatisierung Ihrer R\u00e4ume, ohne dabei die Au\u00dfenwelt blickdicht auszuschlie\u00dfen. Eine gro\u00dfe Auswahl an Farben bietet viele Gestaltungsm\u00f6glichkeiten. Die Verwendung eines runden, quadratischen oder verputzbaren Kastens lassen beispielsweise die Kombination von Fenstern mit Textilscreens oder Rollladen &hellip; <a href=\"https:\/\/thom-zappala.de\/press\/textilscreen\/\" class=\"more-link\"><span class=\"screen-reader-text\">Textilscreen<\/span> weiterlesen <span class=\"meta-nav\">&rarr;<\/span><\/a><\/p>\n","protected":false},"author":1,"featured_media":0,"parent":0,"menu_order":0,"comment_status":"closed","ping_status":"open","template":"","meta":[],"_links":{"self":[{"href":"https:\/\/thom-zappala.de\/press\/wp-json\/wp\/v2\/pages\/236"}],"collection":[{"href":"https:\/\/thom-zappala.de\/press\/wp-json\/wp\/v2\/pages"}],"about":[{"href":"https:\/\/thom-zappala.de\/press\/wp-json\/wp\/v2\/types\/page"}],"author":[{"embeddable":true,"href":"https:\/\/thom-zappala.de\/press\/wp-json\/wp\/v2\/users\/1"}],"replies":[{"embeddable":true,"href":"https:\/\/thom-zappala.de\/press\/wp-json\/wp\/v2\/comments?post=236"}],"version-history":[{"count":8,"href":"https:\/\/thom-zappala.de\/press\/wp-json\/wp\/v2\/pages\/236\/revisions"}],"predecessor-version":[{"id":302,"href":"https:\/\/thom-zappala.de\/press\/wp-json\/wp\/v2\/pages\/236\/revisions\/302"}],"wp:attachment":[{"href":"https:\/\/thom-zappala.de\/press\/wp-json\/wp\/v2\/media?parent=236"}],"curies":[{"name":"wp","href":"https:\/\/api.w.org\/{rel}","templated":true}]}}