{"id":5,"date":"2015-03-02T20:39:32","date_gmt":"2015-03-02T19:39:32","guid":{"rendered":"http:\/\/thom-zappala.de\/press\/?page_id=5"},"modified":"2024-11-19T08:42:00","modified_gmt":"2024-11-19T07:42:00","slug":"start","status":"publish","type":"page","link":"https:\/\/thom-zappala.de\/press\/","title":{"rendered":"Start"},"content":{"rendered":"<p>Sehr geehrte Besucher, sch\u00f6n dass Sie den Weg zu unsere Homepage gefunden haben.\u00a0 Die Firma Thom &amp; Zappala GmbH begr\u00fc\u00dft Sie herzlichst. Wir sind Ihr kompetenter Ansprechpartner in Velbert wenn es um die Themen Markisen; Rollladen; Fenster; T\u00fcren und Tore, sowie deren Einbruchssicherheit und Smart Home \u00a0&#8211; die intelligente Haussteuerung via Smart Phone. Wir f\u00fchren hierzu qualitative Produkte aller namhafter Hersteller aus dieser Branche.<\/p>\n<p><a href=\"http:\/\/thom-zappala.de\/press\/wp-content\/uploads\/2015\/03\/CIMG6281.jpg\"><img loading=\"lazy\" class=\"alignnone  wp-image-88\" src=\"http:\/\/thom-zappala.de\/press\/wp-content\/uploads\/2015\/03\/CIMG6281-300x225.jpg\" alt=\"CIMG6281\" width=\"457\" height=\"343\" srcset=\"https:\/\/thom-zappala.de\/press\/wp-content\/uploads\/2015\/03\/CIMG6281-300x225.jpg 300w, https:\/\/thom-zappala.de\/press\/wp-content\/uploads\/2015\/03\/CIMG6281.jpg 1024w\" sizes=\"(max-width: 457px) 100vw, 457px\" \/><\/a><\/p>\n<p>Besuchen Sie unseren Ausstellungsraum in der Friedrichstra\u00dfe 215 in 42551 Velbert. Gerne beraten wir Sie zu den genannten Themenbereichen, egal ob es sich um eine Neuanschaffung, eine Reparatur oder eine Erweiterung handelt. Selbstverst\u00e4ndlich erstellen wir Ihnen ein individuelles Angebot und f\u00fchren Ihren Auftrag schnell, sauber und schl\u00fcsselfertig aus.<\/p>\n","protected":false},"excerpt":{"rendered":"<p>Sehr geehrte Besucher, sch\u00f6n dass Sie den Weg zu unsere Homepage gefunden haben.\u00a0 Die Firma Thom &amp; Zappala GmbH begr\u00fc\u00dft Sie herzlichst. Wir sind Ihr kompetenter Ansprechpartner in Velbert wenn es um die Themen Markisen; Rollladen; Fenster; T\u00fcren und Tore, sowie deren Einbruchssicherheit und Smart Home \u00a0&#8211; die intelligente Haussteuerung via Smart Phone. Wir f\u00fchren &hellip; <a href=\"https:\/\/thom-zappala.de\/press\/\" class=\"more-link\"><span class=\"screen-reader-text\">Start<\/span> weiterlesen <span class=\"meta-nav\">&rarr;<\/span><\/a><\/p>\n","protected":false},"author":1,"featured_media":0,"parent":0,"menu_order":0,"comment_status":"closed","ping_status":"open","template":"","meta":[],"_links":{"self":[{"href":"https:\/\/thom-zappala.de\/press\/wp-json\/wp\/v2\/pages\/5"}],"collection":[{"href":"https:\/\/thom-zappala.de\/press\/wp-json\/wp\/v2\/pages"}],"about":[{"href":"https:\/\/thom-zappala.de\/press\/wp-json\/wp\/v2\/types\/page"}],"author":[{"embeddable":true,"href":"https:\/\/thom-zappala.de\/press\/wp-json\/wp\/v2\/users\/1"}],"replies":[{"embeddable":true,"href":"https:\/\/thom-zappala.de\/press\/wp-json\/wp\/v2\/comments?post=5"}],"version-history":[{"count":15,"href":"https:\/\/thom-zappala.de\/press\/wp-json\/wp\/v2\/pages\/5\/revisions"}],"predecessor-version":[{"id":406,"href":"https:\/\/thom-zappala.de\/press\/wp-json\/wp\/v2\/pages\/5\/revisions\/406"}],"wp:attachment":[{"href":"https:\/\/thom-zappala.de\/press\/wp-json\/wp\/v2\/media?parent=5"}],"curies":[{"name":"wp","href":"https:\/\/api.w.org\/{rel}","templated":true}]}}